{"id":897,"date":"2022-12-26T18:25:21","date_gmt":"2022-12-26T18:25:21","guid":{"rendered":"https:\/\/cursos.fabianorodrigues.net.br\/?post_type=product&#038;p=897"},"modified":"2026-01-07T14:26:10","modified_gmt":"2026-01-07T14:26:10","slug":"mav-minha-agencia-de-viagens","status":"publish","type":"product","link":"https:\/\/cursos.fabianorodrigues.net.br\/pt_br\/produto\/mav-minha-agencia-de-viagens\/","title":{"rendered":"Mentoria Viver de Turismo"},"content":{"rendered":"<p>Tenha sua pr\u00f3pria Ag\u00eancia de Viagens!<\/p>\n<p>Te ajudamos em todas as etapas at\u00e9 sua ag\u00eancia ficar pronta para voc\u00ea divulgar e vender passagem a\u00e9rea, pacotes de viagem, hot\u00e9is, resorts, cruzeiros, seguro viagem e muito mais.<\/p>\n<p>Nossa mentoria te ajuda na abertura do seu CNPJ na categoria MEI, cadastro no minist\u00e9rio do turismo, cadastro nas melhores operadoras para voc\u00ea vender as viagens atrav\u00e9s delas, criaremos seu site que em outras palavras \u00e9 a sua Ag\u00eancia de Viagens Online. E tem mais, te entregaremos 31 v\u00eddeo aulas te ensinando o passo a passo que aplicamos em nossa ag\u00eancia para alcan\u00e7ar clientes que est\u00e3o pesquisando por viagens no Google.<\/p>\n<p>Sou o Fabiano Rodrigues, j\u00e1 atuo h\u00e1 quase 30 anos no turismo, trabalhei em grandes empresas como a Costa do Sauipe, Iberostar Resorts, Tivoli Praia do Forte e ag\u00eancias de viagens.<\/p>\n<p>Vivo de Turismo h\u00e1 mais de 30 anos e irei preparar voc\u00ea para fazer o mesmo.<\/p>\n<p>Vem comigo!<\/p>\n<p>Ao finalizar esta compra voc\u00ea concorda com os termos do contrato, veja <a href=\"https:\/\/cursos.fabianorodrigues.net.br\/contrato-fav\/\" target=\"_blank\" rel=\"noopener\"><strong>aqui<\/strong><\/a><\/p>\n","protected":false},"excerpt":{"rendered":"<p>Tenha sua pr\u00f3pria Ag\u00eancia de Viagens! Te ajudamos em todas as etapas at\u00e9 sua ag\u00eancia ficar pronta para voc\u00ea divulgar<\/p>\n","protected":false},"featured_media":8863,"comment_status":"open","ping_status":"closed","template":"","meta":[],"product_brand":[],"product_cat":[26],"product_tag":[27,28],"class_list":{"0":"post-897","1":"product","2":"type-product","3":"status-publish","4":"has-post-thumbnail","6":"product_cat-agencia-de-viagens-online","7":"product_tag-agencia-de-viagens-online","8":"product_tag-minha-agencia-de-viagens","10":"first","11":"instock","12":"sale","13":"sold-individually","14":"shipping-taxable","15":"purchasable","16":"product-type-simple"},"_links":{"self":[{"href":"https:\/\/cursos.fabianorodrigues.net.br\/pt_br\/wp-json\/wp\/v2\/product\/897","targetHints":{"allow":["GET"]}}],"collection":[{"href":"https:\/\/cursos.fabianorodrigues.net.br\/pt_br\/wp-json\/wp\/v2\/product"}],"about":[{"href":"https:\/\/cursos.fabianorodrigues.net.br\/pt_br\/wp-json\/wp\/v2\/types\/product"}],"replies":[{"embeddable":true,"href":"https:\/\/cursos.fabianorodrigues.net.br\/pt_br\/wp-json\/wp\/v2\/comments?post=897"}],"version-history":[{"count":9,"href":"https:\/\/cursos.fabianorodrigues.net.br\/pt_br\/wp-json\/wp\/v2\/product\/897\/revisions"}],"predecessor-version":[{"id":8877,"href":"https:\/\/cursos.fabianorodrigues.net.br\/pt_br\/wp-json\/wp\/v2\/product\/897\/revisions\/8877"}],"wp:featuredmedia":[{"embeddable":true,"href":"https:\/\/cursos.fabianorodrigues.net.br\/pt_br\/wp-json\/wp\/v2\/media\/8863"}],"wp:attachment":[{"href":"https:\/\/cursos.fabianorodrigues.net.br\/pt_br\/wp-json\/wp\/v2\/media?parent=897"}],"wp:term":[{"taxonomy":"product_brand","embeddable":true,"href":"https:\/\/cursos.fabianorodrigues.net.br\/pt_br\/wp-json\/wp\/v2\/product_brand?post=897"},{"taxonomy":"product_cat","embeddable":true,"href":"https:\/\/cursos.fabianorodrigues.net.br\/pt_br\/wp-json\/wp\/v2\/product_cat?post=897"},{"taxonomy":"product_tag","embeddable":true,"href":"https:\/\/cursos.fabianorodrigues.net.br\/pt_br\/wp-json\/wp\/v2\/product_tag?post=897"}],"curies":[{"name":"wp","href":"https:\/\/api.w.org\/{rel}","templated":true}]}}