{"id":8302,"date":"2023-11-26T00:29:05","date_gmt":"2023-11-26T00:29:05","guid":{"rendered":"https:\/\/cursos.fabianorodrigues.net.br\/?post_type=product&#038;p=8302"},"modified":"2023-12-01T23:00:02","modified_gmt":"2023-12-01T23:00:02","slug":"google-para-agencias-de-viagem-e-turismo","status":"publish","type":"product","link":"https:\/\/cursos.fabianorodrigues.net.br\/pt_br\/produto\/google-para-agencias-de-viagem-e-turismo\/","title":{"rendered":"Marketing, Google para Ag\u00eancias de Viagens e Turismo"},"content":{"rendered":"<p>Neste curso te ensinamos tudo que voc\u00ea precisa para criar an\u00fancios no Google e alcan\u00e7ar pessoas que estiverem pesquisando pelos servi\u00e7os que sua ag\u00eancia oferece.<\/p>\n","protected":false},"excerpt":{"rendered":"<p>Neste curso te ensinamos tudo que voc\u00ea precisa para criar an\u00fancios no Google e alcan\u00e7ar pessoas que estiverem pesquisando pelos servi\u00e7os que sua ag\u00eancia oferece.<\/p>\n","protected":false},"featured_media":867,"comment_status":"open","ping_status":"closed","template":"","meta":[],"product_brand":[],"product_cat":[26],"product_tag":[27,28],"class_list":{"0":"post-8302","1":"product","2":"type-product","3":"status-publish","4":"has-post-thumbnail","6":"product_cat-agencia-de-viagens-online","7":"product_tag-agencia-de-viagens-online","8":"product_tag-minha-agencia-de-viagens","10":"first","11":"instock","12":"sale","13":"sold-individually","14":"shipping-taxable","15":"purchasable","16":"product-type-simple"},"_links":{"self":[{"href":"https:\/\/cursos.fabianorodrigues.net.br\/pt_br\/wp-json\/wp\/v2\/product\/8302","targetHints":{"allow":["GET"]}}],"collection":[{"href":"https:\/\/cursos.fabianorodrigues.net.br\/pt_br\/wp-json\/wp\/v2\/product"}],"about":[{"href":"https:\/\/cursos.fabianorodrigues.net.br\/pt_br\/wp-json\/wp\/v2\/types\/product"}],"replies":[{"embeddable":true,"href":"https:\/\/cursos.fabianorodrigues.net.br\/pt_br\/wp-json\/wp\/v2\/comments?post=8302"}],"version-history":[{"count":3,"href":"https:\/\/cursos.fabianorodrigues.net.br\/pt_br\/wp-json\/wp\/v2\/product\/8302\/revisions"}],"predecessor-version":[{"id":8331,"href":"https:\/\/cursos.fabianorodrigues.net.br\/pt_br\/wp-json\/wp\/v2\/product\/8302\/revisions\/8331"}],"wp:featuredmedia":[{"embeddable":true,"href":"https:\/\/cursos.fabianorodrigues.net.br\/pt_br\/wp-json\/wp\/v2\/media\/867"}],"wp:attachment":[{"href":"https:\/\/cursos.fabianorodrigues.net.br\/pt_br\/wp-json\/wp\/v2\/media?parent=8302"}],"wp:term":[{"taxonomy":"product_brand","embeddable":true,"href":"https:\/\/cursos.fabianorodrigues.net.br\/pt_br\/wp-json\/wp\/v2\/product_brand?post=8302"},{"taxonomy":"product_cat","embeddable":true,"href":"https:\/\/cursos.fabianorodrigues.net.br\/pt_br\/wp-json\/wp\/v2\/product_cat?post=8302"},{"taxonomy":"product_tag","embeddable":true,"href":"https:\/\/cursos.fabianorodrigues.net.br\/pt_br\/wp-json\/wp\/v2\/product_tag?post=8302"}],"curies":[{"name":"wp","href":"https:\/\/api.w.org\/{rel}","templated":true}]}}