{"id":921,"date":"2022-12-26T20:41:21","date_gmt":"2022-12-26T20:41:21","guid":{"rendered":"https:\/\/cursos.fabianorodrigues.net.br\/?page_id=921"},"modified":"2022-12-26T20:41:21","modified_gmt":"2022-12-26T20:41:21","slug":"politica-de-privacidade","status":"publish","type":"page","link":"https:\/\/cursos.fabianorodrigues.net.br\/pt_br\/politica-de-privacidade\/","title":{"rendered":"Pol\u00edtica de privacidade"},"content":{"rendered":"\n<p>\u00daltima Atualiza\u00e7\u00e3o: 20 de dezembro de 2022<\/p>\n\n\n\n<p>Bem-vindo(a)! cursos.fabianorodrigues.net.br<\/p>\n\n\n\n<p>Quando voc\u00ea utiliza o nosso site, voc\u00ea nos confia seus dados e informa\u00e7\u00f5es. Nos comprometemos a manter essa confian\u00e7a.\u00a0<\/p>\n\n\n\n<p>Nesse sentido, a presente Pol\u00edtica de Privacidade (\u201cPol\u00edtica\u201d) explica de maneira clara e acess\u00edvel como as suas informa\u00e7\u00f5es e dados ser\u00e3o coletados, usados, compartilhados e armazenados por meio dos nossos sistemas.<\/p>\n\n\n\n<p><strong>A aceita\u00e7\u00e3o da nossa Pol\u00edtica ser\u00e1 feita quando voc\u00ea acessar ou usar o site, aplicativo ou servi\u00e7os do nosso site (cursos.fabianorodrigues.net.br. Isso indicar\u00e1 que voc\u00ea est\u00e1 ciente e em total acordo com a forma como utilizaremos as suas informa\u00e7\u00f5es e seus dados.<\/strong>\u00a0<\/p>\n\n\n\n<p>A presente Pol\u00edtica est\u00e1 dividida da seguinte forma para facilitar a sua compreens\u00e3o:<\/p>\n\n\n\n<ol class=\"wp-block-list\">\n<li>Quais informa\u00e7\u00f5es o\u00a0site\u00a0coleta<\/li>\n\n\n\n<li>Como o\u00a0site\u00a0usa as informa\u00e7\u00f5es coletadas<\/li>\n\n\n\n<li>Como, quando e com quem o\u00a0site\u00a0compartilha suas informa\u00e7\u00f5es<\/li>\n\n\n\n<li>Quais direitos voc\u00ea tem sobre as informa\u00e7\u00f5es que coletamos<\/li>\n\n\n\n<li>Como o\u00a0site\u00a0protege suas informa\u00e7\u00f5es<\/li>\n\n\n\n<li>Atualiza\u00e7\u00f5es dessa pol\u00edtica de privacidade<\/li>\n\n\n\n<li>Lei aplic\u00e1vel<\/li>\n<\/ol>\n\n\n\n<p>Este documento deve ser lido em conjunto com o nosso Termos de Uso ([inserir URL\/link]), que cont\u00e9m uma vis\u00e3o geral da nossa plataforma. Caso tenha d\u00favidas ou precise tratar de qualquer assunto relacionado a esta Pol\u00edtica, entre em contato conosco atrav\u00e9s do e-mail contato@fabianorodrigues.net.br\u00a0<\/p>\n\n\n\n<ol class=\"wp-block-list\">\n<li><strong>INFORMA\u00c7\u00d5ES QUE COLETAMOS<\/strong><\/li>\n<\/ol>\n\n\n\n<p>N\u00f3s coletamos os seguintes tipos de informa\u00e7\u00f5es:<\/p>\n\n\n\n<ol class=\"wp-block-list\">\n<li><strong>Informa\u00e7\u00f5es que voc\u00ea nos fornece.<\/strong><\/li>\n<\/ol>\n\n\n\n<p>Isso inclui:<\/p>\n\n\n\n<ul class=\"wp-block-list\">\n<li>Dados de cadastro. Quando voc\u00ea se cadastra em nosso site, voc\u00ea nos fornece informa\u00e7\u00f5es como Login, senha, nome, endere\u00e7o de e-mail, CPF\/CNPJ, data de nascimento\/funda\u00e7\u00e3o, estado civil, n\u00famero de telefone, foto, idade, g\u00eanero, dados do cart\u00e3o de cr\u00e9dito caso efetue pagamentos, descri\u00e7\u00e3o de perfil, descri\u00e7\u00e3o de experi\u00eancia, descri\u00e7\u00e3o de ganhos com profiss\u00e3o. No caso de instrutores tamb\u00e9m deve ser fornecido informa\u00e7\u00f5es banc\u00e1rias para transfer\u00eancia dos valores ganhos com a venda de cursos, conforme nosso contrato de Instrutor.<\/li>\n\n\n\n<li>Dados\u00a0<strong>sens\u00edveis<\/strong>. Durante o seu uso do nosso site, voc\u00ea poder\u00e1 nos fornecer dados como informa\u00e7\u00f5es financeiras, que tradicionalmente s\u00e3o considerados\u00a0<strong>sens\u00edveis<\/strong>. Seus\u00a0<strong>dados<\/strong>\u00a0<strong>sens\u00edveis<\/strong>\u00a0ser\u00e3o utilizados para: an\u00e1lise financeira junto aos \u00f3rg\u00e3os reguladores para entendimento da possibilidade de parcelamento do pagamento da plataforma.\u00a0<strong>Por meio dessa Pol\u00edtica, voc\u00ea concorda expressamente com a coleta, uso e compartilhamento destes dados, nos termos aqui estabelecidos.<\/strong><\/li>\n<\/ul>\n\n\n\n<ol class=\"wp-block-list\" start=\"2\">\n<li><strong>Informa\u00e7\u00f5es geradas quando voc\u00ea usa nossos servi\u00e7os.<\/strong><\/li>\n<\/ol>\n\n\n\n<p>N\u00f3s coletamos as seguintes informa\u00e7\u00f5es geradas:<\/p>\n\n\n\n<ul class=\"wp-block-list\">\n<li>Registros de acesso. O site cursos.fabianorodrigues.net.br coleta automaticamente registros de acesso a aplica\u00e7\u00e3o, que incluem o endere\u00e7o IP, com data e hora, utilizado para acessar cursos.fabianorodrigues.net.br . Esses dados s\u00e3o de coleta obrigat\u00f3ria, de acordo com a Lei 12.965\/2014, mas somente ser\u00e3o fornecidos para terceiros com a sua autoriza\u00e7\u00e3o expressa ou por meio de demanda judicial.\u00a0<\/li>\n\n\n\n<li>Dados de uso. N\u00f3s coletamos informa\u00e7\u00f5es sobre suas intera\u00e7\u00f5es no cursos.fabianorodrigues.net.br, como sua navega\u00e7\u00e3o, as p\u00e1ginas ou outro conte\u00fado que voc\u00ea acessa ou cria, suas buscas, participa\u00e7\u00f5es em pesquisas ou f\u00f3runs e outras a\u00e7\u00f5es.<\/li>\n\n\n\n<li>Dados de localiza\u00e7\u00e3o do dispositivo conectado. N\u00f3s coletamos dados de localiza\u00e7\u00e3o, que s\u00e3o coletados atrav\u00e9s do seu equipamento ou dispositivo conectado, caso voc\u00ea autorize. A sua autoriza\u00e7\u00e3o para compartilhar a sua localiza\u00e7\u00e3o poder\u00e1 ser revogada a qualquer momento. Todavia, isso poder\u00e1 inativar algumas das funcionalidades da plataforma.&nbsp;<\/li>\n\n\n\n<li>Dados de pagamento. Quando voc\u00ea realiza pagamentos no cursos.fabianorodrigues.net.br, poder\u00e3o ser armazenados dados do pagamento, como a data e hora, o valor e outros detalhes da transa\u00e7\u00e3o, que poder\u00e3o ser utilizados inclusive para fins de preven\u00e7\u00e3o \u00e0 fraude. Desta forma, poderemos lhe proporcionar um ambiente seguro e adequado para voc\u00ea realizar as suas transa\u00e7\u00f5es via MercadoPago ou outra gateway em nosso site.<\/li>\n\n\n\n<li>Caracter\u00edsticas do equipamento. Como a maioria das aplica\u00e7\u00f5es, para poder funcionar o cursos.fabianorodrigues.net.br coleta automaticamente dados sobre as caracter\u00edsticas do seu aparelho, dentre as quais o seu sistema operacional, a vers\u00e3o deste, informa\u00e7\u00f5es de hardware, o idioma, sinal de internet e bateria.<\/li>\n\n\n\n<li>Comunica\u00e7\u00f5es com o cursos.fabianorodrigues.net.br. Quando voc\u00ea se comunica com o cursos.fabianorodrigues.net.br, coletamos informa\u00e7\u00f5es sobre sua comunica\u00e7\u00e3o, incluindo metadados como data, IP e hora das comunica\u00e7\u00f5es e todo o seu conte\u00fado, assim como qualquer informa\u00e7\u00e3o que voc\u00ea escolha fornecer.<\/li>\n\n\n\n<li>Comunica\u00e7\u00f5es com outros usu\u00e1rios. Quando voc\u00ea se comunica com outros usu\u00e1rios do cursos.fabianorodrigues.net.br, coletamos informa\u00e7\u00f5es sobre sua comunica\u00e7\u00e3o, incluindo metadados como data, IP e hora das comunica\u00e7\u00f5es e todo o seu conte\u00fado, assim como qualquer informa\u00e7\u00e3o que voc\u00ea escolha fornecer.<\/li>\n\n\n\n<li>Cookies e tecnologias semelhantes. N\u00f3s utilizamos cookies, que s\u00e3o arquivos de texto gerados e armazenados no seu navegador ou aparelho por sites, aplicativos e an\u00fancios online. Os cookies poder\u00e3o ser utilizados para as seguintes finalidades: autenticar usu\u00e1rios, lembrar prefer\u00eancias e configura\u00e7\u00f5es do usu\u00e1rio, entender os comportamentos e interesses do usu\u00e1rio.<\/li>\n<\/ul>\n\n\n\n<ol class=\"wp-block-list\" start=\"3\">\n<li><strong>Informa\u00e7\u00f5es de outras fontes.<\/strong><\/li>\n<\/ol>\n\n\n\n<p>Isso pode incluir:<\/p>\n\n\n\n<ul class=\"wp-block-list\">\n<li>Informa\u00e7\u00f5es provenientes de outros usu\u00e1rios. Outros usu\u00e1rios do cursos.fabianorodrigues.net.br podem produzir informa\u00e7\u00f5es sobre voc\u00ea, como refer\u00eancias, avalia\u00e7\u00f5es ou coment\u00e1rios.<\/li>\n\n\n\n<li>Dados coletados de outras plataformas. O cursos.fabianorodrigues.net.br poder\u00e1 interagir com outras plataformas e outros servi\u00e7os, como Meios de pagamento. Alguns desses servi\u00e7os podem nos fornecer informa\u00e7\u00f5es sobre voc\u00ea, aos quais coletaremos para lhe proporcionar uma melhor experi\u00eancia e melhorar cada vez mais os nossos servi\u00e7os e lhe oferecer novas funcionalidades, bem como An\u00e1lise de informa\u00e7\u00f5es financeiras.<\/li>\n<\/ul>\n\n\n\n<ol class=\"wp-block-list\" start=\"2\">\n<li><strong>COMO USAMOS SUAS INFORMA\u00c7\u00d5ES<\/strong><\/li>\n<\/ol>\n\n\n\n<p>N\u00e3o custa lembrar, prezamos muito pela sua privacidade. Por isso, todos os dados e informa\u00e7\u00f5es sobre voc\u00ea s\u00e3o tratadas como confidenciais, e somente as usaremos para os fins aqui descritos e autorizados por voc\u00ea, principalmente para que voc\u00ea possa utilizar o cursos.fabianorodrigues.net.br de forma plena, visando sempre melhorar a sua experi\u00eancia como usu\u00e1rio.\u00a0<\/p>\n\n\n\n<ol class=\"wp-block-list\">\n<li><strong>Usos autorizados<\/strong><\/li>\n<\/ol>\n\n\n\n<p>Desta forma, poderemos utilizar seus dados para:<\/p>\n\n\n\n<ul class=\"wp-block-list\">\n<li>Permitir que voc\u00ea acesse e utilize todas as funcionalidades do cursos.fabianorodrigues.net.br;<\/li>\n\n\n\n<li>Enviar a voc\u00ea mensagens a respeito de suporte ou servi\u00e7o, como alertas, notifica\u00e7\u00f5es e atualiza\u00e7\u00f5es;<\/li>\n\n\n\n<li>Nos comunicar com voc\u00ea sobre produtos, servi\u00e7os, promo\u00e7\u00f5es, not\u00edcias, atualiza\u00e7\u00f5es, eventos e outros assuntos que voc\u00ea possa ter interesse;<\/li>\n\n\n\n<li>Analisar o tr\u00e1fego dos usu\u00e1rios em nossas aplica\u00e7\u00f5es;<\/li>\n\n\n\n<li>Realizar publicidade direcionada conforme seus gostos, interesses e outras informa\u00e7\u00f5es coletadas;<\/li>\n\n\n\n<li>Personalizar o servi\u00e7o para este adequar cada vez mais aos seus gostos e interesses;<\/li>\n\n\n\n<li>Criarmos novos servi\u00e7os, produtos e funcionalidades;<\/li>\n\n\n\n<li>Detec\u00e7\u00e3o e preven\u00e7\u00e3o de fraudes, spam e incidentes de seguran\u00e7a;<\/li>\n\n\n\n<li>Verificar ou autenticar as informa\u00e7\u00f5es fornecidas por voc\u00ea, inclusive comparando a dados coletados de outras fontes;<\/li>\n\n\n\n<li>Entender melhor o comportamento do usu\u00e1rio e construir perfis comportamentais;<\/li>\n\n\n\n<li>Para qualquer fim que voc\u00ea autorizar no momento da coleta de dados;<\/li>\n\n\n\n<li>Cumprir obriga\u00e7\u00f5es legais.<\/li>\n<\/ul>\n\n\n\n<p>Eventualmente, poderemos utilizar dados para finalidades n\u00e3o previstas nesta pol\u00edtica de privacidade, mas estas estar\u00e3o dentro das suas leg\u00edtimas expectativas.&nbsp;<strong>O eventual uso dos seus dados para finalidades que n\u00e3o cumpram com essa prerrogativa ser\u00e1 feito mediante sua autoriza\u00e7\u00e3o pr\u00e9via<\/strong>.&nbsp;<\/p>\n\n\n\n<ol class=\"wp-block-list\" start=\"2\">\n<li><strong>Exclus\u00e3o dos dados<\/strong><\/li>\n<\/ol>\n\n\n\n<p>Todos os dados coletados ser\u00e3o exclu\u00eddos de nossos servidores quando voc\u00ea assim requisitar, por procedimento gratuito e facilitado, ou quando estes n\u00e3o forem mais necess\u00e1rios ou relevantes para lhe oferecermos os nossos servi\u00e7os, salvo se houver qualquer outra raz\u00e3o para a sua manuten\u00e7\u00e3o, como eventual obriga\u00e7\u00e3o legal de reten\u00e7\u00e3o de dados ou necessidade de preserva\u00e7\u00e3o destes para resguardo de direitos do cursos.fabianorodrigues.net.br<\/p>\n\n\n\n<p>Nos casos em que voc\u00ea solicite a exclus\u00e3o dos seus dados, manteremos os seus dados por 6 (seis) meses contados a partir da sua solicita\u00e7\u00e3o de exclus\u00e3o<\/p>\n\n\n\n<ol class=\"wp-block-list\" start=\"3\">\n<li><strong>Monitoramento<\/strong><\/li>\n<\/ol>\n\n\n\n<p>\u00a0O cursos.fabianorodrigues.net.br se reserva no direito de monitorar toda a plataforma, principalmente para assegurar que as regras descritas em\u00a0<strong>nosso<\/strong>\u00a0Termos de Uso est\u00e3o sendo observadas, ou ainda se n\u00e3o h\u00e1 viola\u00e7\u00e3o ou abuso das leis aplic\u00e1veis.\u00a0<\/p>\n\n\n\n<ol class=\"wp-block-list\" start=\"4\">\n<li><strong>Exclus\u00e3o de usu\u00e1rio<\/strong><\/li>\n<\/ol>\n\n\n\n<p>\u00a0O cursos.fabianorodrigues.net.br se reserva no direito de excluir determinado usu\u00e1rio, independente do tipo que for, caso a presente Pol\u00edtica ou os Termos de Uso n\u00e3o sejam respeitados. Como prezamos pelo bom relacionamento com os usu\u00e1rios, reconhecemos que t\u00eam o direito de buscar entender os motivos e at\u00e9 contest\u00e1-los, o que pode ser feito pelo seguinte e-mail: contato@fabianorodrigues.net.br<\/p>\n\n\n\n<ol class=\"wp-block-list\" start=\"3\">\n<li><strong>COMPARTILHAMENTO DAS INFORMA\u00c7\u00d5ES<\/strong><\/li>\n<\/ol>\n\n\n\n<p>\u00a0O cursos.fabianorodrigues.net.br pode compartilhar as informa\u00e7\u00f5es que coleta, inclusive seus\u00a0<strong>dados sens\u00edveis<\/strong>, com parceiros comerciais, anunciantes, patrocinadores, provedores de servi\u00e7os, instrutores, alunos, servi\u00e7os de an\u00e1lise e de enriquecimento de dados,, localizados tanto no Brasil como nos seguintes pa\u00edses: Brasil e Estados Unidos da Am\u00e9rica. O compartilhamento das informa\u00e7\u00f5es ocorrer\u00e1 de forma an\u00f4nima, sempre que for poss\u00edvel, visando preservar a sua privacidade.\u00a0<strong>Por meio deste documento, voc\u00ea autoriza expressamente tais compartilhamentos<\/strong>.<\/p>\n\n\n\n<p>\u00a0O cursos.fabianorodrigues.net.br permite que outras empresas e redes de an\u00fancio anunciem em nossa plataforma por meio de diferentes tecnologias. Portanto, voc\u00ea poder\u00e1 eventualmente receber diretamente em seu aplicativo an\u00fancios, conte\u00fado e links exibidos de forma personalizada, de acordo com seus interesses e comportamentos em nossa plataforma ou em outros servi\u00e7os com os quais voc\u00ea interaja. Para tanto, dados podem ser compartilhados entre o cursos.fabianorodrigues.net.br e essas outras empresas, principalmente identificadores \u00fanicos, endere\u00e7os IP, cookies e scripts java, que podem ser utilizados para medir a efici\u00eancia da publicidade online.\u00a0<strong>Por meio deste documento, voc\u00ea autoriza expressamente tais compartilhamentos.<\/strong>\u00a0Todavia, o cursos.fabianorodrigues.net.br n\u00e3o se responsabiliza pelos atos, an\u00fancios e conte\u00fado gerados por nossos parceiros comerciais e redes de an\u00fancio, e esta Pol\u00edtica n\u00e3o se aplica a eles, uma vez que o cursos.fabianorodrigues.net.br n\u00e3o as controla. Sugerimos ter acesso e ler as pol\u00edticas de privacidade das empresas com as quais voc\u00ea eventualmente interaja.\u00a0<\/p>\n\n\n\n<p>Todos os dados, informa\u00e7\u00f5es e conte\u00fados sobre voc\u00ea podem ser considerados ativos no caso de negocia\u00e7\u00f5es em que o cursos.fabianorodrigues.net.br fizer parte. Portanto, nos reservamos no direito de, por exemplo, incluir seus dados dentre os ativos da empresa caso esta venha a ser vendida, adquirida ou fundida com outra.\u00a0<strong>Por meio desta Pol\u00edtica voc\u00ea concorda e est\u00e1 ciente desta possibilidade.<\/strong>\u00a0<\/p>\n\n\n\n<p>\u00a0O cursos.fabianorodrigues.net.br se reserva no direito de fornecer seus dados e informa\u00e7\u00f5es sobre voc\u00ea, incluindo intera\u00e7\u00f5es suas, caso seja requisitado judicialmente para tanto, ato necess\u00e1rio para que a empresa esteja em conformidade com as leis nacionais, ou caso voc\u00ea autorize expressamente.<\/p>\n\n\n\n<ol class=\"wp-block-list\" start=\"4\">\n<li><strong>DIREITOS DOS TITULARES<\/strong><\/li>\n<\/ol>\n\n\n\n<p>Voc\u00ea sempre poder\u00e1 optar em n\u00e3o divulgar seus dados para n\u00f3s, mas tenha em mente que alguns desses dados podem ser necess\u00e1rios para utilizar as funcionalidades de nossas aplica\u00e7\u00f5es. Independente disso, voc\u00ea sempre possuir\u00e1 direitos relativos \u00e0 privacidade e \u00e0 prote\u00e7\u00e3o dos seus dados pessoais.<\/p>\n\n\n\n<p>Dessa forma, abaixo resumimos todos os direitos que voc\u00ea tem sob as leis setoriais brasileiras relativas a prote\u00e7\u00e3o de dados e a Lei Geral de Prote\u00e7\u00e3o de Dados (\u201cLGPD\u201d), quais sejam:<\/p>\n\n\n\n<ol class=\"wp-block-list\">\n<li><strong>Direito de acesso.<\/strong>&nbsp;Este direito permite que voc\u00ea possa requisitar e receber uma c\u00f3pia dos dados pessoais que possu\u00edmos sobre Voc\u00ea.<\/li>\n\n\n\n<li><strong>Direito de retifica\u00e7\u00e3o.<\/strong>\u00a0Este direito permite que voc\u00ea, a qualquer momento, possa solicitar a corre\u00e7\u00e3o e\/ou retifica\u00e7\u00e3o dos seus dados pessoais, caso identifique que alguns deles est\u00e3o incorretos. Contudo, para ser efetivada essa corre\u00e7\u00e3o, teremos que checar a validade dos dados que voc\u00ea nos fornece. Voc\u00ea pode retificar diretamente alguns dos seus dados pessoais atrav\u00e9s do e-mail contato@fabianorodrigues.net.br<\/li>\n\n\n\n<li><strong>Direito de exclus\u00e3o.<\/strong>\u00a0Este direito permite que voc\u00ea possa nos solicitar a exclus\u00e3o dos dados pessoais que possu\u00edmos sobre voc\u00ea. Todos os dados coletados ser\u00e3o exclu\u00eddos de nossos servidores quando voc\u00ea assim requisitar ou quando estes n\u00e3o forem mais necess\u00e1rios ou relevantes para lhe oferecermos nossos servi\u00e7os, salvo se houver qualquer outra raz\u00e3o para a sua manuten\u00e7\u00e3o, como eventual obriga\u00e7\u00e3o legal de reten\u00e7\u00e3o de dados ou necessidade de preserva\u00e7\u00e3o destes para resguardo de direitos da cursos.fabianorodrigues.net.br. Para alterar suas informa\u00e7\u00f5es pessoais ou exclu\u00ed-las do nosso banco de dados, basta enviar um e-mail para contatofabianorodrigues.net.br<\/li>\n\n\n\n<li><strong>Direito de oposi\u00e7\u00e3o ao processamento.<\/strong>&nbsp;Voc\u00ea tamb\u00e9m tem o direito de contestar onde e em que contexto estamos tratando seus dados pessoais para diferentes finalidades. Em determinadas situa\u00e7\u00f5es, podemos demonstrar que temos motivos leg\u00edtimos para tratar seus dados, os quais se sobrep\u00f5em aos seus direitos, caso, por exemplo, sejam essenciais para o fornecimento de nossas aplica\u00e7\u00f5es.<\/li>\n\n\n\n<li><strong>Direito de solicitar anonimiza\u00e7\u00e3o, bloqueio ou elimina\u00e7\u00e3o.<\/strong>&nbsp;Este direito permite que voc\u00ea nos pe\u00e7a para suspender o processamento de seus dados pessoais nos seguintes cen\u00e1rios: (a) se voc\u00ea quiser que n\u00f3s estabele\u00e7amos a precis\u00e3o dos dados; (b) quando voc\u00ea precisar que sejam mantidos os dados mesmo se n\u00e3o precisarmos mais deles, conforme necess\u00e1rio, para estabelecer, exercer ou defender reivindica\u00e7\u00f5es legais; ou (c) se voc\u00ea se op\u00f4s ao uso de seus dados, mas nesta hip\u00f3tese precisamos verificar se temos motivos leg\u00edtimos para us\u00e1-los.<\/li>\n\n\n\n<li><strong>Direito \u00e0 portabilidade.<\/strong>&nbsp;Forneceremos a voc\u00ea, ou a terceiros que voc\u00ea escolheu, seus dados pessoais em formato estruturado e interoper\u00e1vel.<\/li>\n\n\n\n<li><strong>Direito de retirar o seu consentimento.<\/strong>&nbsp;Voc\u00ea tem o direito de retirar o seu consentimento em rela\u00e7\u00e3o aos termos desta Pol\u00edtica de Privacidade. No entanto, isso n\u00e3o afetar\u00e1 a legalidade de qualquer processamento realizado anteriormente. Se voc\u00ea retirar o seu consentimento, talvez n\u00e3o possamos fornecer determinados servi\u00e7os.<\/li>\n\n\n\n<li><strong>Direito a revis\u00e3o de decis\u00f5es automatizadas.<\/strong>&nbsp;Voc\u00ea tamb\u00e9m tem o direito de solicitar a revis\u00e3o de decis\u00f5es tomadas unicamente com base em tratamento automatizado de seus dados pessoais que afetem seus interesses, inclu\u00eddas as decis\u00f5es destinadas a defini\u00e7\u00e3o de perfis pessoais, profissionais, de consumo e de cr\u00e9dito e\/ou os aspectos de sua personalidade.<\/li>\n<\/ol>\n\n\n\n<p>Talvez seja necess\u00e1rio solicitar informa\u00e7\u00f5es espec\u00edficas suas para nos ajudar a confirmar sua identidade e garantir seu direito de acessar seus dados pessoais (ou de exercer seus outros direitos). Esta \u00e9 uma medida de seguran\u00e7a para garantir que os dados pessoais n\u00e3o sejam divulgados a qualquer pessoa que n\u00e3o tenha direito de receb\u00ea-los. Podemos tamb\u00e9m contat\u00e1-lo para obter mais informa\u00e7\u00f5es em rela\u00e7\u00e3o \u00e0 sua solicita\u00e7\u00e3o, a fim de acelerar nossa resposta. Tentamos responder a todas as solicita\u00e7\u00f5es leg\u00edtimas dentro de 5 dias \u00fateis. Ocasionalmente, pode levar mais de 5 dias se sua solicita\u00e7\u00e3o for particularmente complexa ou se voc\u00ea tiver feito v\u00e1rias solicita\u00e7\u00f5es. Neste caso, iremos comunic\u00e1-lo e mant\u00ea-lo atualizado sobre o andamento da sua solicita\u00e7\u00e3o.<\/p>\n\n\n\n<p>Caso Voc\u00ea tenha alguma d\u00favida sobre essas quest\u00f5es e sobre como voc\u00ea pode exercer esses direitos, fique \u00e0 vontade para entrar em contato conosco no e-mail contatofabianorodrigues.net.br<\/p>\n\n\n\n<ol class=\"wp-block-list\" start=\"5\">\n<li><strong>SEGURAN\u00c7A DAS INFORMA\u00c7\u00d5ES<\/strong><\/li>\n<\/ol>\n\n\n\n<p>Todos os seus dados s\u00e3o confidenciais e somente as pessoas com as devidas autoriza\u00e7\u00f5es ter\u00e3o acesso a eles. Qualquer uso destes estar\u00e1 de acordo com a presente Pol\u00edtica. O cursos.fabianorodrigues.net.br empreender\u00e1 todos os esfor\u00e7os razo\u00e1veis de mercado para garantir a seguran\u00e7a dos nossos sistemas e dos seus dados. Nossos servidores est\u00e3o localizados em diferentes locais para garantir estabilidade e seguran\u00e7a, e somente podem ser acessados por meio de canais de comunica\u00e7\u00e3o previamente autorizados.\u00a0<\/p>\n\n\n\n<p>Todas as suas informa\u00e7\u00f5es, principalmente\u00a0<strong>dados<\/strong>\u00a0<strong>sens\u00edveis<\/strong>, ser\u00e3o, sempre que poss\u00edvel, criptografadas, caso n\u00e3o inviabilizem o seu uso pela plataforma. A qualquer momento voc\u00ea poder\u00e1 requisitar c\u00f3pia dos seus dados armazenados em nossos sistemas. Manteremos os dados e informa\u00e7\u00f5es somente at\u00e9 quando estas forem necess\u00e1rias ou relevantes para as finalidades descritas nesta Pol\u00edtica, ou em caso de per\u00edodos pr\u00e9-determinados por lei, ou at\u00e9 quando estas forem necess\u00e1rias para a manuten\u00e7\u00e3o de interesses leg\u00edtimos do cursos.fabianorodrigues.net.br\u00a0<\/p>\n\n\n\n<p>\u00a0O cursos.fabianorodrigues.net.br considera a sua privacidade algo extremamente importante e far\u00e1 tudo que estiver ao alcance para proteg\u00ea-la. Todavia, n\u00e3o temos como garantir que todos os dados e informa\u00e7\u00f5es sobre voc\u00ea em nossa plataforma estar\u00e3o livres de acessos n\u00e3o autorizados, principalmente caso haja compartilhamento indevido das credenciais necess\u00e1rias para acessar o nosso aplicativo. Portanto, voc\u00ea \u00e9 o \u00fanico respons\u00e1vel por manter sua senha de acesso em local seguro e \u00e9 vedado o compartilhamento desta com terceiros. Voc\u00ea se compromete a notificar o cursos.fabianorodrigues.net.br imediatamente, atrav\u00e9s de meio seguro, a respeito de qualquer uso n\u00e3o autorizado de sua conta, bem como o acesso n\u00e3o autorizado por terceiros a esta.\u00a0<\/p>\n\n\n\n<ol class=\"wp-block-list\" start=\"6\">\n<li><strong>ATUALIZA\u00c7\u00d5ES DA POL\u00cdTICA DE PRIVACIDADE<\/strong><\/li>\n<\/ol>\n\n\n\n<p>\u00a0O cursos.fabianorodrigues.net.br se reserva no direito de alterar essa Pol\u00edtica quantas vezes forem necess\u00e1rias, visando fornecer a voc\u00ea mais seguran\u00e7a, conveni\u00eancia, e melhorar cada vez mais a sua experi\u00eancia. \u00c9 por isso que \u00e9 muito importante acessar nossa Pol\u00edtica periodicamente. Para facilitar, indicamos no in\u00edcio do documento a data da \u00faltima atualiza\u00e7\u00e3o. Caso sejam feitas altera\u00e7\u00f5es relevantes que ensejem novas autoriza\u00e7\u00f5es suas, publicaremos uma nova pol\u00edtica de privacidade, sujeita novamente ao seu consentimento.<\/p>\n\n\n\n<ol class=\"wp-block-list\" start=\"7\">\n<li><strong>LEI APLIC\u00c1VEL<\/strong><\/li>\n<\/ol>\n\n\n\n<p>Este documento \u00e9 regido e deve ser interpretado de acordo com as leis da Rep\u00fablica Federativa do Brasil.\u00a0 Fica eleito o Foro da Comarca de Mata de S\u00e3o Jo\u00e3o, como o competente para dirimir quaisquer quest\u00f5es porventura oriundas do presente documento, com expressa ren\u00fancia a qualquer outro, por mais privilegiado que seja.<\/p>\n","protected":false},"excerpt":{"rendered":"<p>\u00daltima Atualiza\u00e7\u00e3o: 20 de dezembro de 2022 Bem-vindo(a)! cursos.fabianorodrigues.net.br Quando voc\u00ea utiliza o nosso site, voc\u00ea nos confia seus dados<\/p>\n","protected":false},"author":1,"featured_media":0,"parent":0,"menu_order":0,"comment_status":"closed","ping_status":"closed","template":"","meta":{"_tutorstarter_page_metadata":[],"footnotes":""},"class_list":["post-921","page","type-page","status-publish","hentry"],"_links":{"self":[{"href":"https:\/\/cursos.fabianorodrigues.net.br\/pt_br\/wp-json\/wp\/v2\/pages\/921","targetHints":{"allow":["GET"]}}],"collection":[{"href":"https:\/\/cursos.fabianorodrigues.net.br\/pt_br\/wp-json\/wp\/v2\/pages"}],"about":[{"href":"https:\/\/cursos.fabianorodrigues.net.br\/pt_br\/wp-json\/wp\/v2\/types\/page"}],"author":[{"embeddable":true,"href":"https:\/\/cursos.fabianorodrigues.net.br\/pt_br\/wp-json\/wp\/v2\/users\/1"}],"replies":[{"embeddable":true,"href":"https:\/\/cursos.fabianorodrigues.net.br\/pt_br\/wp-json\/wp\/v2\/comments?post=921"}],"version-history":[{"count":1,"href":"https:\/\/cursos.fabianorodrigues.net.br\/pt_br\/wp-json\/wp\/v2\/pages\/921\/revisions"}],"predecessor-version":[{"id":923,"href":"https:\/\/cursos.fabianorodrigues.net.br\/pt_br\/wp-json\/wp\/v2\/pages\/921\/revisions\/923"}],"wp:attachment":[{"href":"https:\/\/cursos.fabianorodrigues.net.br\/pt_br\/wp-json\/wp\/v2\/media?parent=921"}],"curies":[{"name":"wp","href":"https:\/\/api.w.org\/{rel}","templated":true}]}}