{"id":8418,"date":"2024-01-09T18:30:11","date_gmt":"2024-01-09T18:30:11","guid":{"rendered":"https:\/\/cursos.fabianorodrigues.net.br\/?page_id=8418"},"modified":"2024-04-16T16:59:58","modified_gmt":"2024-04-16T16:59:58","slug":"contrato-fav","status":"publish","type":"page","link":"https:\/\/cursos.fabianorodrigues.net.br\/pt_br\/contrato-fav\/","title":{"rendered":"Contrato FAV"},"content":{"rendered":"\n<p>CONTRATO PARTICULAR DE PRESTA\u00c7\u00c3O DE SERVI\u00c7OS DE DESENVOLVIMENTO DE SITE PARA AG\u00caNCIA DE VIAGENS COM CURSO PARA AGENTE DE VIAGENS<\/p>\n\n\n\n<p>Pelo presente instrumento, de um lado o comprador cadastrado neste portal mediante inser\u00e7\u00e3o de nome completo, CPF, endere\u00e7o, telefone e e-mail, pessoa f\u00edsica, denominado CONTRATANTE e de outro lado Jos\u00e9 Fabiano Rodrigues dos Santos, pessoa f\u00edsica de direito privado, inscrita no CPF sob o n\u00ba 936.508.685-04, com resid\u00eancia na Rua 29 24, Nossa Senhora do Socorro \u2013 Sergipe CEP 49160-000, e-mail contato@fabianorodrigues.net.br e telefone (71) 99330-9725 doravante denominado CONTRATADO, t\u00eam entre si, justo e acertado o presente contrato de presta\u00e7\u00e3o de servi\u00e7os para desenvolvimento de website para ag\u00eancia de viagens e curso para abertura de ag\u00eancia de viagens, que se reger\u00e1 pelas cl\u00e1usulas e condi\u00e7\u00f5es seguintes.<\/p>\n\n\n\n<p>Cl\u00e1usula 1\u00aa. \u00c9 objeto do presente contrato o desenvolvimento de um website para ag\u00eancia de turismo pelo CONTRATADO para o CONTRATANTE, (nomedaempresa.com.br) no modelo de sua escolha entre as op\u00e7\u00f5es que ser\u00e3o apresentadas, seu site ter\u00e1 o mesmo conte\u00fado, imagens e textos, com uso de identidade visual fornecida pelo cliente (logomarca) e contatos, empregando tecnologias atuais, WordPress, Elementor e plugins adicionais, layout responsivo, contando com at\u00e9 20 p\u00e1ginas, com formul\u00e1rio de contato, bot\u00e3o do Whatsapp, bandeiras de tradu\u00e7\u00e3o e galeria de imagens. Voc\u00ea poder\u00e1 alterar imagens e textos no site por conta pr\u00f3pria, te daremos acesso \u00e0s videoaulas mostrando passo a passo como fazer.<\/p>\n\n\n\n<p>Cl\u00e1usula 2\u00aa. O CONTRATADO ser\u00e1 respons\u00e1vel pelo registro do dom\u00ednio nomedaempresa.com.br que \u00e9 de propriedade do contratante, o contratado ser\u00e1 respons\u00e1vel pelo servidor\/host onde ser\u00e1 hospedado o website. A hospedagem inclui 6 contas de e-mail profissionais conforme exemplo; <a href=\"mailto:seunome@suaempresa.com.br\">nome@suaempresa.com.br<\/a><\/p>\n\n\n\n<p>Cl\u00e1usula 3\u00aa. O prazo para entrega do website pelo CONTRATADO \u00e9 de 30 (trinta dias corridos) ap\u00f3s a assinatura deste contrato e confirma\u00e7\u00e3o do pagamento. A cria\u00e7\u00e3o do site ser\u00e1 iniciada ap\u00f3s recebermos o CNPJ de sua empresa, o nome da empresa, logo, endere\u00e7o e telefone da empresa.<\/p>\n\n\n\n<p>Cl\u00e1usula 4\u00aa. Pelo servi\u00e7o da cria\u00e7\u00e3o do site e acesso ao curso Forma\u00e7\u00e3o Agente de Viagens por um ano e suporte para d\u00favidas por Whatsapp em dias \u00fateis por quatro semanas o CONTRATANTE pagar\u00e1 ao CONTRATADO a quantia de R$ {{Valor do contrato}} por meio de PIX em uma parcela com 10% de desconto na assinatura deste contrato, no cart\u00e3o de cr\u00e9dito em at\u00e9 6 parcelas sem juros ou 10 com juros. Ou, parcelado no boleto banc\u00e1rio em at\u00e9 9 com juros, sujeito a an\u00e1lise de cr\u00e9dito.<\/p>\n\n\n\n<p>Cria\u00e7\u00e3o de logomarca e registro de Marca n\u00e3o fazem parte deste contrato e ser\u00e3o de responsabilidade do contratante.<\/p>\n\n\n\n<p>Valores recorrentes a serem pagos:<\/p>\n\n\n\n<p><strong>Hospedagem do site<\/strong> em servidor seguro de alta performance a partir da assinatura deste contrato no valor de <strong>R$ 69,90<\/strong> por m\u00eas, <strong>registro\/renova\u00e7\u00e3o do dom\u00ednio<\/strong> nomedasuaempresa.com.br <strong>R$ 65,00<\/strong> por ano. Valores sujeitos a altera\u00e7\u00f5es de acordo com o fornecedor sem aviso pr\u00e9vio.<\/p>\n\n\n\n<p>As faturas ser\u00e3o enviadas para seu e-mail 10 dias antes do vencimento, fique atento e n\u00e3o esque\u00e7a de ver a pasta de spam. Evite atraso nos pagamentos, os servi\u00e7os s\u00e3o suspensos ap\u00f3s dez dias de atraso e seu site com as contas de e-mail sair\u00e3o do ar. Ap\u00f3s 90 dias de atraso ele ser\u00e1 exclu\u00eddo sem aviso pr\u00e9vio e sem a possibilidade de reativa\u00e7\u00e3o.<\/p>\n\n\n\n<p>Plugins adicionais:<\/p>\n\n\n\n<p>Sem custo adicional para o padr\u00e3o contratado. Havendo pedido de recursos adicionais, plugins extras poder\u00e3o ser necess\u00e1rios e poder\u00e3o ter custos recorrentes adicionais.<\/p>\n\n\n\n<p>Alguns plugins utilizados s\u00e3o vers\u00f5es gratuitas, e com o tempo poder\u00e3o passar a ser cobrados pelos desenvolvedores. N\u00f3s faremos pesquisa de outro plugin gratuito para substituir se isso ocorrer, mas, no caso de n\u00e3o encontrarmos um plugin gratuito para substituir voc\u00ea ter\u00e1 a op\u00e7\u00e3o de remover o plugin ou adquirir a vers\u00e3o paga.<\/p>\n\n\n\n<p>Plugins gratuitos utilizados neste projeto:<\/p>\n\n\n\n<p>Litespeed cache, Join Chat Whatsapp, Cookie Consent Banner, Gtranslate, WebP Express, HFCM, Yoast SEO e All in One WP Security ou similares. Estes plugins s\u00e3o fornecidos por terceiros e suas atualiza\u00e7\u00f5es e suporte \u00e9 de responsabilidade exclusiva deles.<\/p>\n\n\n\n<p>Voc\u00ea receber\u00e1 acesso ao nosso <strong>curso<\/strong> Forma\u00e7\u00e3o Agente de Viagens (FAV), nele te ensinaremos passo a passo a montar sua ag\u00eancia de viagens e divulgar para fazer a capta\u00e7\u00e3o de clientes. Tamb\u00e9m ensinaremos voc\u00ea a alterar imagens e textos no seu site, assim voc\u00ea mesmo faz as altera\u00e7\u00f5es no seu site evitando custos e tempo de espera. Voc\u00ea mesmo far\u00e1 todo processo de abertura de sua ag\u00eancia bem como a divulga\u00e7\u00e3o com o que ir\u00e1 aprender em nosso curso. Servi\u00e7o de altera\u00e7\u00e3o de conte\u00fado no site, gest\u00e3o de contas de an\u00fancios no Google Ads, Meta Business e outros n\u00e3o fazem parte deste contrato, havendo necessidade estes servi\u00e7os ter\u00e3o custos extras e ser\u00e3o atendidos de acordo com nossa disponibilidade. Destacamos que o curso tem como finalidade orientar o contratante no processo de abertura de sua ag\u00eancia de viagens, cadastros necess\u00e1rios para atua\u00e7\u00e3o no mercado de viagens e aulas ensinando utilizar o sistema das operadoras de viagens indicadas por n\u00f3s, a anunciar no Google, Instagram e Facebook para divulgar a ag\u00eancia e alcan\u00e7ar poss\u00edveis clientes. Os resultados s\u00e3o obtidos de acordo com o empenho de cada aluno em aprender sobre os produtos que ir\u00e1 vender, fazer divulga\u00e7\u00e3o, oferece bom atendimento e um bom trabalho de vendas. O resultado n\u00e3o \u00e9 igual para todos, varia de pessoa para pessoa. Nosso curso entrega conhecimento, o sucesso de sua empresa ser\u00e1 resultado do seu trabalho. Voc\u00ea ter\u00e1 acesso ao curso durante um ano e ter\u00e1 suporte por Whatsapp durante quatro semanas em dias \u00fateis em hor\u00e1rio comercial.<\/p>\n\n\n\n<p>Cl\u00e1usula 5\u00aa. De acordo com o art. 49 do CDC, clientes podem se arrepender de uma aquisi\u00e7\u00e3o de mercadoria ou servi\u00e7o se a compra n\u00e3o foi realizada em loja. \u201cO consumidor pode desistir do contrato, no prazo de 7 dias a contar de sua assinatura.<\/p>\n\n\n\n<p>Cl\u00e1usula 6\u00aa. Em caso de atraso no pagamento da parcela, a parte inadimplente arcar\u00e1 com uma multa de 10% (dez por cento) do valor do contrato em favor da parte prejudicada, al\u00e9m de juros de mora de 1% (um por cento) ao m\u00eas e corre\u00e7\u00e3o monet\u00e1ria sobre o valor devido at\u00e9 o cumprimento da obriga\u00e7\u00e3o.<\/p>\n\n\n\n<p>Cl\u00e1usula 7\u00aa. Fica compactuada a total inexist\u00eancia de v\u00ednculo empregat\u00edcio entre o CONTRATANTE e o CONTRATADO, excluindo-se qualquer obriga\u00e7\u00e3o previdenci\u00e1ria e encargos sociais, n\u00e3o existindo na rela\u00e7\u00e3o nenhum tipo de subordina\u00e7\u00e3o.<\/p>\n\n\n\n<p>Cl\u00e1usula 8\u00aa. As partes elegem o foro da comarca da Nossa Senhora do Socorro \u2013 Sergipe para dirimir quaisquer controv\u00e9rsias oriundas deste contrato, ficando exclu\u00eddo qualquer outro por mais privilegiado que seja.<\/p>\n\n\n\n<p>Por estar de acordo, justo e contratado, firmo o presente instrumento via assinatura eletr\u00f4nica mediante uso da ferramenta ZapSign. Bastando acessar e assinar na tela do smartphone.<\/p>\n\n\n\n<p>A assinatura deste contrato ocorre de forma eletr\u00f4nica com valor legal conforme MP 2.200-2\/2001 e Lei 14.063\/2020. Nossa Senhora do Socorro<\/p>\n","protected":false},"excerpt":{"rendered":"<p>CONTRATO PARTICULAR DE PRESTA\u00c7\u00c3O DE SERVI\u00c7OS DE DESENVOLVIMENTO DE SITE PARA AG\u00caNCIA DE VIAGENS COM CURSO PARA AGENTE DE VIAGENS<\/p>\n","protected":false},"author":1,"featured_media":0,"parent":0,"menu_order":0,"comment_status":"closed","ping_status":"closed","template":"","meta":{"_tutorstarter_page_metadata":[],"footnotes":""},"class_list":["post-8418","page","type-page","status-publish","hentry"],"_links":{"self":[{"href":"https:\/\/cursos.fabianorodrigues.net.br\/pt_br\/wp-json\/wp\/v2\/pages\/8418","targetHints":{"allow":["GET"]}}],"collection":[{"href":"https:\/\/cursos.fabianorodrigues.net.br\/pt_br\/wp-json\/wp\/v2\/pages"}],"about":[{"href":"https:\/\/cursos.fabianorodrigues.net.br\/pt_br\/wp-json\/wp\/v2\/types\/page"}],"author":[{"embeddable":true,"href":"https:\/\/cursos.fabianorodrigues.net.br\/pt_br\/wp-json\/wp\/v2\/users\/1"}],"replies":[{"embeddable":true,"href":"https:\/\/cursos.fabianorodrigues.net.br\/pt_br\/wp-json\/wp\/v2\/comments?post=8418"}],"version-history":[{"count":5,"href":"https:\/\/cursos.fabianorodrigues.net.br\/pt_br\/wp-json\/wp\/v2\/pages\/8418\/revisions"}],"predecessor-version":[{"id":8789,"href":"https:\/\/cursos.fabianorodrigues.net.br\/pt_br\/wp-json\/wp\/v2\/pages\/8418\/revisions\/8789"}],"wp:attachment":[{"href":"https:\/\/cursos.fabianorodrigues.net.br\/pt_br\/wp-json\/wp\/v2\/media?parent=8418"}],"curies":[{"name":"wp","href":"https:\/\/api.w.org\/{rel}","templated":true}]}}